{"id":30374,"date":"2018-05-29T22:43:04","date_gmt":"2018-05-29T20:43:04","guid":{"rendered":"http:\/\/palazzodivalli.it\/privacy-cookie-policy\/"},"modified":"2021-01-12T12:01:55","modified_gmt":"2021-01-12T11:01:55","slug":"privacy-cookie-policy","status":"publish","type":"page","link":"https:\/\/palazzodivalli.it\/fr\/privacy-cookie-policy\/","title":{"rendered":"Privacy &#038; Cookie Policy"},"content":{"rendered":"<p>[vc_row][vc_column][vc_column_text]INFORMATIVA PRIVACY<br \/>\nIn ottemperanza degli obblighi derivanti dalla normativa nazionale (Codice Privacy) e comunitaria (Regolamento Generale europeo n. 679\/2016) in materia di tutela dei dati personali, Hotel Palazzo di Valli San Paolo S.r.l. rispetta e tutela la riservatezza dei visitatori e degli utenti.<br \/>\nLa presente informativa privacy si applica sia alla raccolta di informazioni dal sito web che da altri canali.<\/p>\n<p>1 &#8211; Base giuridica del trattamento<br \/>\nCon l&#8217;uso o la consultazione del presente sito i visitatori e gli utenti approvano esplicitamente la presente informativa privacy e acconsentono al trattamento dei loro dati personali in relazione alle modalit\u00e0 e alle finalit\u00e0 di seguito descritte, compreso l&#8217;eventuale diffusione a terzi se necessaria per l&#8217;erogazione di un servizio.<br \/>\nIl conferimento dei dati e quindi il Consenso alla raccolta e al trattamento dei dati \u00e8 facoltativo, l&#8217;Utente pu\u00f2 negare il consenso, e pu\u00f2 revocare in qualsiasi momento un consenso gi\u00e0 fornito. Tuttavia negare il consenso pu\u00f2 comportare l&#8217;impossibilit\u00e0 di erogare alcuni servizi e l&#8217;esperienza di navigazione nel sito sarebbe compromessa.<\/p>\n<p>2 &#8211; Finalit\u00e0 del trattamento<br \/>\nPer trattamento di dati personali si intende: registrazione, conservazione, organizzazione, consultazione, selezione, estrazione, raffronto, elaborazione, utilizzo, modificazione, interconnessione, blocco, comunicazione, cancellazione e distruzione, cessione o diffusione, ovvero la combinazione di due o pi\u00f9 di tali operazioni.<br \/>\nIl trattamento dei dati raccolti dal sito, oltre alle finalit\u00e0 connesse, strumentali e necessarie alla fornitura del servizio, \u00e8 volto alle seguenti finalit\u00e0:<\/p>\n<p>2.1 &#8211; Statistica<br \/>\nRaccolta di dati e informazioni in forma esclusivamente aggregata e anonima al fine di verificare il corretto funzionamento del sito, per migliorare il negozio online e la piattaforma.<br \/>\nNessuna di queste informazioni \u00e8 correlata alla persona fisica-Utente del sito, e non ne consentono in alcun modo l&#8217;identificazione.<\/p>\n<p>2.2 &#8211; Sicurezza<br \/>\nRaccolta di dati e informazioni al fine di tutelare la sicurezza del sito e degli utenti (filtri antispam, firewall, rilevazione virus) e per prevenire o smascherare frodi o abusi a danno del sito web.<br \/>\nI dati sono registrati automaticamente e possono eventualmente comprendere anche dati personali (indirizzo IP) che potrebbero essere utilizzati, conformemente alle leggi vigenti in materia, al fine di bloccare tentativi di danneggiamento al sito medesimo o di recare danno ad altri utenti, o comunque attivit\u00e0 dannose o costituenti reato. Tali dati non sono mai utilizzati per l&#8217;identificazione o la profilazione dell&#8217;Utente e vengono cancellati periodicamente.<\/p>\n<p>2.3 &#8211; Attivit\u00e0 accessorie<br \/>\nComunicare i dati a terze parti che svolgono funzioni necessarie o strumentali all&#8217;operativit\u00e0 del servizio, e per consentire a terze parti di svolgere attivit\u00e0 tecniche, logistiche e di altro tipo per nostro conto.<br \/>\nIl presente sito si serve di fornitori per lo svolgimento di alcune attivit\u00e0, inviare posta tradizionale, analizzare dati, fornire assistenza marketing e fornire servizi alla clientela.<br \/>\nI fornitori hanno accesso solo ai dati personali che sono necessari per svolgere i propri compiti, e si impegnano a non utilizzare i dati per altri scopi, e sono tenuti a trattare i dati personali in conformit\u00e0 delle normative vigenti.<\/p>\n<p>Questa categoria di dati viene conservata solo per il periodo di tempo necessario per la fornitura del servizio.<\/p>\n<p>3 &#8211; Dati raccolti<br \/>\nIl presente sito raccoglie dati degli utenti in due modi.<\/p>\n<p>3.1 &#8211; Dati raccolti in maniera automatizzata<br \/>\nDurante la navigazione degli utenti possono essere raccolte le seguenti informazioni che vengono conservate nei file di log del sito:<\/p>\n<p>Indirizzo internet protocol (IP);<br \/>\nTipo di browser;<br \/>\nParametri del dispositivo usato per connettersi al sito;<br \/>\nNome dell&#8217;internet service provider (ISP);<br \/>\nData e orario di visita;<br \/>\nPagina web di provenienza del visitatore (referral) e di uscita;<br \/>\nEventualmente il numero di click.<br \/>\nQuesti dati vengono utilizzati per analizzare le tendenze degli utenti e raccogliere dati in forma aggregata, amministrare e garantire la sicurezza del sito, e non sono in alcun modo riconducibili all&#8217;identit\u00e0 dell&#8217;Utente.<\/p>\n<p>3.2 &#8211; Dati conferiti volontariamente<br \/>\nIl sito pu\u00f2 raccogliere altri dati in caso di utilizzo volontario di servizi da parte degli utenti, quali servizi di commenti, di comunicazione (chat, moduli per contatti e invio email), di pubblicazione segnalazioni e di iscrizione alla newsletter:<\/p>\n<p>nome e cognome;<br \/>\ndata di nascita;<br \/>\nindirizzo email;<br \/>\nimmagine (avatar);<br \/>\nprofili social;<br \/>\nlocalizzazione geografica.<br \/>\nQuesti dati sono forniti volontariamente dall&#8217;Utente al momento della richiesta del servizio, o dell&#8217;inserimento del commento, e verranno utilizzati esclusivamente per l&#8217;erogazione del servizio richiesto e trattati per il solo tempo necessario alla fornitura del servizio.<br \/>\nL&#8217;indirizzo email, nel caso di registazione alla newsletter, \u00e8 utilizzato anche al fine di inviare materiale promozionale a utenti gi\u00e0 clienti, quindi nel contesto di un rapporto commerciale gi\u00e0 esistente. Per utenti non ancora clienti l&#8217;invio di materiale promozionale \u00e8 subordinato alla raccolta del consenso, revocabile successivamente.<br \/>\nI dati fiscali sono necessari al fine di usufruire dei servizi erogati a pagamento, e a fini di fatturazione.<br \/>\nI dati rilevati dal sito non vengono forniti a terzi, a meno che non si tratti di legittima richiesta da parte dell&#8217;autorit\u00e0 giudiziaria e nei soli casi previsti dalla legge. I dati per\u00f2 potranno essere forniti a terzi qualora ci\u00f2 sia necessario per la fornitura di uno specifico servizio richiesto dell&#8217;Utente, oppure a fini fiscali o per l&#8217;esecuzione di controlli di sicurezza o di ottimizzazione del sito.<\/p>\n<p>4 &#8211; Periodo di conservazione dei dati<br \/>\nI dati raccolti sono trattati per i tempi necessari agli scopi per i quali sono stati raccolti, e comunque non oltre i tempi prescritti dalle norme di legge.<br \/>\nI dati necessari a fini fiscali sono conservati fino a quando non siano definiti gli accertamenti relativi al corrispondente periodo di imposta, quindi per almeno 10 anni e pi\u00f9 se la relativa annualit\u00e0 non \u00e8 ancora prescritta ai fini fiscali.<br \/>\nAlla scadenza i dati saranno cancellati o anonimizzati, a meno che non sussistano ulteriori finalit\u00e0 per la conservazione degli stessi (es. obblighi di fornitura garanzia, obblighi fiscali).<\/p>\n<p>5 &#8211; Misure di sicurezza<br \/>\nIl Titolare del trattamento tratta i dati dei visitatori\/utenti in maniera lecita e corretta, adottando le opportune misure di sicurezza volte ad impedire accessi non autorizzati, divulgazione, modifica o distruzione non autorizzata dei dati, nonch\u00e9 usi illeciti dei dati. Il trattamento viene effettuato mediante strumenti informatici e\/o telematici, con modalit\u00e0 organizzative e con logiche strettamente correlate alle finalit\u00e0 indicate, e i dati sono memorizzati e conservati in strutture sicure con limitazioni di accesso e verifica del personale. L&#8217;accesso alla informazioni \u00e8 rigorosamente limitato al personale autorizzato.<br \/>\nIl sito web \u00e8 costantemente monitorato per verificare eventuali violazioni della sicurezza ed assicurare che le informazioni siano al sicuro.<br \/>\nOltre al Titolare, in alcuni casi, potrebbero avere accesso ai dati categorie di incaricati coinvolti nell&#8217;organizzazione del sito (personale amministrativo, commerciale, marketing, legali, amministratori di sistema) ovvero soggetti esterni (come fornitori di servizi tecnici terzi, corrieri postali, hosting provider, societ\u00e0 informatiche, agenzie di comunicazione).<\/p>\n<p>\u00c8 importante che tu adotti idonee protezioni contro l&#8217;accesso non autorizzato alla tua password ed al tuo computer. Accertati sempre di esserti disconnesso quando utilizzi un computer condiviso con altri utenti.<\/p>\n<p>6 &#8211; Diritti dell&#8217;Utente<br \/>\nAi sensi dell&#8217;art. 7 del D. Lgs. 30 giugno 2003, n. 196 http:\/\/www.garanteprivacy.it\/web\/guest\/home\/docweb\/-\/docweb-display\/docweb\/1311248 e del Regolamento Generale per la protezione dati personali, l&#8217;Utente pu\u00f2, secondo le modalit\u00e0 e nei limiti previsti dalla vigente normativa:<\/p>\n<p>opporsi in tutto o in parte, per motivi legittimi al trattamento dei dati personali che lo riguardano ai fini di invio di materiale pubblicitario o di vendita diretta o per il compimento di ricerche di mercato o di comunicazione commerciale;<br \/>\nRichiedere la conferma dell&#8217;esistenza di dati personali che lo riguardano;<br \/>\nConoscerne l&#8217;origine;<br \/>\nRiceverne comunicazione intelligibile;<br \/>\nAvere informazioni circa la logica, le modalit\u00e0 e le finalit\u00e0 del trattamento;<br \/>\nrichiederne l&#8217;aggiornamento, la rettifica, l&#8217;integrazione, la cancellazione, la trasformazione in forma anonima, il blocco dei dati trattati in violazione di legge, ivi compresi quelli non pi\u00f9 necessari al perseguimento degli scopi per i quali sono stati raccolti;<br \/>\nnei casi di trattamento basato su consenso, ricevere al solo costo dell&#8217;eventuale supporto, i suoi dati forniti al titolare, in forma strutturata e leggibile da un elaboratore di dati e in un formato comunemente usato da un dispositivo elettronico;<br \/>\nil diritto di presentare un reclamo all&#8217;Autorit\u00e0 di controllo (Garante Privacy &#8211; link alla pagina del Garante http:\/\/www.garanteprivacy.it\/web\/guest\/home\/docweb\/-\/docweb-display\/docweb\/4535524);<br \/>\nNonch\u00e9, pi\u00f9 in generale, esercitare tutti i diritti che gli sono riconosciuti dalle vigenti disposizioni di legge.<br \/>\nLe richieste vanno rivolte al Titolare del trattamento.<\/p>\n<p>7 &#8211; Soggetti del trattamento<br \/>\nTitolare del trattamento ai sensi delle leggi vigenti \u00e8: Hotel Palazzo di Valli San Paolo S.r.l., con sede in Via Enea Silvio Piccolomini 135, 53100 Siena (SI), contattabile alla mail informazioni@palazzodivalli.it, o all&#8217;indirizzo specificato.<br \/>\nResponsabile del trattamento ai sensi delle leggi vigenti \u00e8: Lorenzo Sanleolini, contattabile alla mail informazioni@palazzodivalli.it, o all&#8217;indirizzo specificato.<\/p>\n<p>8 &#8211; Cookie<br \/>\nIl nostro sito Web fa uso di cookie allo scopo di migliorare l&#8217;esperienza online di tutti i nostri utenti.<\/p>\n<p>All&#8217;interno della nostra Policy sui Cookie descriviamo cosa sono i cookie e in che modo vengono usati sul nostro sito internet. Ti invitiamo a consultare la nostra Privacy Policy per ulteriori informazioni su come vengono usati i dati personali degli utenti che si collegano ai nostri siti internet e sull&#8217;importanza con cui consideriamo la protezione della tua privacy.<\/p>\n<p>Il nostro sito web e i servizi in esso contenuti non possono essere usati senza la presenza di Cookie e pertanto nell&#8217;utilizzare la nostra piattaforma Web, acconsenti all&#8217;uso di Cookie in conformit\u00e0 con i termini di detta politica.<\/p>\n<p>8.1 Cosa sono i Cookie?<\/p>\n<p>I Cookie sono file di testo che contengono stringhe di testo di piccola dimensione inviate da un server Web ad un client (di solito un browser) e poi rimandati indietro dal client al server (senza subire modifiche) ogni volta che il client accede alla stessa porzione dello stesso dominio Web. I Cookie non contengono alcuna informazione in grado di identificare direttamente un utente, tuttavia, le informazioni personali conservate nel nostro sito possono essere collegate, da parte nostra, alle informazioni memorizzate nei Cookie e ottenute dai Cookie.<\/p>\n<p>8.2 Uso dei Cookie<\/p>\n<p>Le informazioni che otteniamo in seguito all&#8217;uso dei nostri Cookie sono utilizzate per i seguenti scopi:<\/p>\n<ul>\n<li>Per riconoscere il computer dell&#8217;utente quando visita il nostro sito Web<\/li>\n<li>Per migliorare l&#8217;usabilit\u00e0 del sito Web<\/li>\n<li>Per analizzare l&#8217;utilizzo del sito Web<\/li>\n<li>Per amministrare questo sito Web<\/li>\n<li>Per prevenire le frodi e migliorare la sicurezza del sito Web<\/li>\n<li>Per personalizzare il nostro sito Web (con messaggi mirati che possono essere di interesse per l&#8217;utente)<\/li>\n<li>Per tenere traccia della navigazione dell&#8217;utente durante la sua visita<\/li>\n<\/ul>\n<p>8.3 L&#8217;abilitazione dei Cookie \u00e8 sicura?<\/p>\n<p>S\u00ec. I Cookie contengono solo piccole porzioni di dati e non possono eseguire alcuna operazione in maniera autonoma. Ti raccomandiamo di configurare il browser Web in modo tale da accettare Cookie provenienti dal nostro sito.<\/p>\n<p>8.4 Come puoi modificare le impostazioni per i Cookie?<\/p>\n<p>Per modificare le impostazioni riguardo ai Cookie, devi variare le impostazioni del browser che utilizzi. Dato che i browser vengono aggiornati di frequente e le piattaforme che li supportano sono sempre pi\u00f9 numerose, non \u00e8 possibile fornire un&#8217;unica guida idonea a tutte le versioni di browser e dispositivi. Tuttavia i seguenti collegamenti rimandano ad una ricerca Google con le opportune parole chiave relative alla modifica dei Cookie per ogni principale browser. Personalizza la ricerca inserendo la versione del browser e la piattaforma che utilizzi (PC, MAC, iPhone, Android, BlackBerry eccetera).<\/p>\n<ul>\n<li>Internet Explorer<\/li>\n<li>Mozilla Firefox<\/li>\n<li>Chrome<\/li>\n<li>Safari<\/li>\n<\/ul>\n<p>8.5 Quanti tipi di Cookie esistono?<\/p>\n<p>Sul nostro sito Web vengono utilizzati tre tipi diversi di Cookie:<\/p>\n<ul>\n<li><em>Cookie di sessione:<\/em> file temporanei che vengono memorizzati solo per la durata della sessione di navigazione sul sito Web. Il browser Web normalmente li elimina alla chiusura.<\/li>\n<li><em>Cookie persistenti:<\/em> la durata di questi file supera la sessione del browser (ad esempio, se si esegue l&#8217;accesso a un sito Web, questo riconosce l&#8217;utente alla sua visita successiva). I Cookie persistenti consentono funzionalit\u00e0 come avvisi di benvenuto, mantenimento degli oggetti nel carrello (in caso di acquisti online), riconoscimento delle preferenze come lingue, colori eccetera.<\/li>\n<li><em>Cookie di terze parti:<\/em> durante la navigazione del nostro sito Web, l&#8217;utente potrebbe trasmettere Cookie a terze parti non legate alla nostra azienda. Se si accede a una pagina Web con contenuti incorporati, ad esempio YouTube, potrebbero essere trasmessi dei Cookie da e verso tale sito. Non abbiamo il controllo di questi Cookie, pertanto ti consigliamo di consultare i siti Web di terze parti per maggiori informazioni riguardanti i Cookie di cui fanno uso e come gestirli.<\/li>\n<\/ul>\n<p>8.6 Cookie presenti sul nostro sito internet<\/p>\n<p>Di seguito viene riportato un elenco dei Cookie utilizzati dal nostro sito, con una spiegazione del singolo utilizzo:<\/p>\n<ul>\n<li>Proprietario Tipo di Cookie Utilizzo<\/li>\n<li>Questo sito Temporaneo Sessione<\/li>\n<li>Google Persistente Statistiche utilizzo<\/li>\n<li>Facebook Persistente Login<\/li>\n<li>Twitter Persistente Login<\/li>\n<li>Blocco dei Cookie.<\/li>\n<\/ul>\n<p>Tutti i browser consentono di rifiutare i Cookie. Dato che i browser vengono aggiornati di frequente e le piattaforme che li supportano sono sempre pi\u00f9 numerose, non \u00e8 possibile fornire un&#8217;unica guida idonea a tutte le versioni di browser e dispositivi.<br \/>\nIl blocco dei Cookie, tuttavia, pu\u00f2 avere un impatto negativo sull&#8217;usabilit\u00e0 di molti siti Web.<\/p>\n<p>8.7 Eliminazione dei Cookie<\/p>\n<p>\u00c8 possibile eliminare i Cookie gi\u00e0 memorizzati sul proprio computer. Dato che i browser vengono aggiornati di frequente e le piattaforme che li supportano sono sempre pi\u00f9 numerose, non \u00e8 possibile fornire un&#8217;unica guida idonea a tutte le versioni di browser e dispositivi.<br \/>\nQuesta azione pu\u00f2 avere conseguenze negative riguardo l&#8217;usabilit\u00e0 di molti siti Web.<\/p>\n<p>8.8 Altre tecnologie presenti sul nostro sito<\/p>\n<p><em>Google Analytics<\/em><br \/>\nGoogle Analytics \u00e8 uno strumento di analisi di Google che aiuta i proprietari di siti web e app a capire come i visitatori interagiscono con i contenuti di loro propriet\u00e0. Si pu\u00f2 utilizzare un set di cookie per raccogliere informazioni e generare statistiche di utilizzo del sito web senza identificazione personale dei singoli visitatori da parte di Google.<\/p>\n<p><em>Google Maps<\/em><br \/>\nGoogle Maps \u00e8 un servizio di visualizzazione di mappe gestito da Google Inc. che migliora notevolmente l&#8217;esperienza degli utenti sul nostro sito web. Google Maps, infatti, fornisce informazioni dettagliate sulla localizzazione di uno specifico esercizio commerciale o attivit\u00e0 ricettiva presente sul territorio.[\/vc_column_text][\/vc_column][\/vc_row][vc_row disable_element=&#8221;yes&#8221;][vc_column][vc_raw_js]JTNDc2NyaXB0JTIwaWQlM0QlMjJDb29raWVEZWNsYXJhdGlvbiUyMiUyMHNyYyUzRCUyMmh0dHBzJTNBJTJGJTJGY29uc2VudC5jb29raWVib3QuY29tJTJGMzBhZDFjNzgtNTcwMS00NWY1LWJlMjAtNWZhMTVlYzA0NDU3JTJGY2QuanMlMjIlMjB0eXBlJTNEJTIydGV4dCUyRmphdmFzY3JpcHQlMjIlMjBhc3luYyUzRSUzQyUyRnNjcmlwdCUzRQ==[\/vc_raw_js][\/vc_column][\/vc_row]<\/p>\n","protected":false},"excerpt":{"rendered":"<p>[vc_row][vc_column][vc_column_text]INFORMATIVA PRIVACY In ottemperanza degli obblighi derivanti dalla normativa nazionale (Codice Privacy) e comunitaria (Regolamento Generale europeo n. 679\/2016) in&#8230;<\/p>\n","protected":false},"author":4,"featured_media":0,"parent":0,"menu_order":0,"comment_status":"closed","ping_status":"closed","template":"","meta":{"footnotes":""},"yoast_head":"<!-- This site is optimized with the Yoast SEO plugin v23.5 - https:\/\/yoast.com\/wordpress\/plugins\/seo\/ -->\n<title>Privacy &amp; Cookie Policy |<\/title>\n<meta name=\"robots\" content=\"noindex, follow\" \/>\n<meta property=\"og:locale\" content=\"fr_FR\" \/>\n<meta property=\"og:type\" content=\"article\" \/>\n<meta property=\"og:title\" content=\"Privacy &amp; Cookie Policy |\" \/>\n<meta property=\"og:description\" content=\"[vc_row][vc_column][vc_column_text]INFORMATIVA PRIVACY In ottemperanza degli obblighi derivanti dalla normativa nazionale (Codice Privacy) e comunitaria (Regolamento Generale europeo n. 679\/2016) in...\" \/>\n<meta property=\"og:url\" content=\"https:\/\/palazzodivalli.it\/fr\/privacy-cookie-policy\/\" \/>\n<meta property=\"og:site_name\" content=\"Palazzo di Valli Hotel\" \/>\n<meta property=\"article:publisher\" content=\"https:\/\/www.facebook.com\/palazzodivalli\/?fref=ts\" \/>\n<meta property=\"article:modified_time\" content=\"2021-01-12T11:01:55+00:00\" \/>\n<meta name=\"twitter:card\" content=\"summary_large_image\" \/>\n<meta name=\"twitter:label1\" content=\"Dur\u00e9e de lecture estim\u00e9e\" \/>\n\t<meta name=\"twitter:data1\" content=\"12 minutes\" \/>\n<script type=\"application\/ld+json\" class=\"yoast-schema-graph\">{\"@context\":\"https:\/\/schema.org\",\"@graph\":[{\"@type\":\"WebPage\",\"@id\":\"https:\/\/palazzodivalli.it\/fr\/privacy-cookie-policy\/\",\"url\":\"https:\/\/palazzodivalli.it\/fr\/privacy-cookie-policy\/\",\"name\":\"Privacy & Cookie Policy |\",\"isPartOf\":{\"@id\":\"https:\/\/palazzodivalli.it\/#website\"},\"datePublished\":\"2018-05-29T20:43:04+00:00\",\"dateModified\":\"2021-01-12T11:01:55+00:00\",\"breadcrumb\":{\"@id\":\"https:\/\/palazzodivalli.it\/fr\/privacy-cookie-policy\/#breadcrumb\"},\"inLanguage\":\"fr-FR\",\"potentialAction\":[{\"@type\":\"ReadAction\",\"target\":[\"https:\/\/palazzodivalli.it\/fr\/privacy-cookie-policy\/\"]}]},{\"@type\":\"BreadcrumbList\",\"@id\":\"https:\/\/palazzodivalli.it\/fr\/privacy-cookie-policy\/#breadcrumb\",\"itemListElement\":[{\"@type\":\"ListItem\",\"position\":1,\"name\":\"Home\",\"item\":\"https:\/\/palazzodivalli.it\/fr\/\"},{\"@type\":\"ListItem\",\"position\":2,\"name\":\"Privacy &#038; Cookie Policy\"}]},{\"@type\":\"WebSite\",\"@id\":\"https:\/\/palazzodivalli.it\/#website\",\"url\":\"https:\/\/palazzodivalli.it\/\",\"name\":\"Palazzo di Valli Hotel\",\"description\":\"Siena &amp; Tuscany Holidays\",\"potentialAction\":[{\"@type\":\"SearchAction\",\"target\":{\"@type\":\"EntryPoint\",\"urlTemplate\":\"https:\/\/palazzodivalli.it\/?s={search_term_string}\"},\"query-input\":{\"@type\":\"PropertyValueSpecification\",\"valueRequired\":true,\"valueName\":\"search_term_string\"}}],\"inLanguage\":\"fr-FR\"}]}<\/script>\n<!-- \/ Yoast SEO plugin. -->","yoast_head_json":{"title":"Privacy & Cookie Policy |","robots":{"index":"noindex","follow":"follow"},"og_locale":"fr_FR","og_type":"article","og_title":"Privacy & Cookie Policy |","og_description":"[vc_row][vc_column][vc_column_text]INFORMATIVA PRIVACY In ottemperanza degli obblighi derivanti dalla normativa nazionale (Codice Privacy) e comunitaria (Regolamento Generale europeo n. 679\/2016) in...","og_url":"https:\/\/palazzodivalli.it\/fr\/privacy-cookie-policy\/","og_site_name":"Palazzo di Valli Hotel","article_publisher":"https:\/\/www.facebook.com\/palazzodivalli\/?fref=ts","article_modified_time":"2021-01-12T11:01:55+00:00","twitter_card":"summary_large_image","twitter_misc":{"Dur\u00e9e de lecture estim\u00e9e":"12 minutes"},"schema":{"@context":"https:\/\/schema.org","@graph":[{"@type":"WebPage","@id":"https:\/\/palazzodivalli.it\/fr\/privacy-cookie-policy\/","url":"https:\/\/palazzodivalli.it\/fr\/privacy-cookie-policy\/","name":"Privacy & Cookie Policy |","isPartOf":{"@id":"https:\/\/palazzodivalli.it\/#website"},"datePublished":"2018-05-29T20:43:04+00:00","dateModified":"2021-01-12T11:01:55+00:00","breadcrumb":{"@id":"https:\/\/palazzodivalli.it\/fr\/privacy-cookie-policy\/#breadcrumb"},"inLanguage":"fr-FR","potentialAction":[{"@type":"ReadAction","target":["https:\/\/palazzodivalli.it\/fr\/privacy-cookie-policy\/"]}]},{"@type":"BreadcrumbList","@id":"https:\/\/palazzodivalli.it\/fr\/privacy-cookie-policy\/#breadcrumb","itemListElement":[{"@type":"ListItem","position":1,"name":"Home","item":"https:\/\/palazzodivalli.it\/fr\/"},{"@type":"ListItem","position":2,"name":"Privacy &#038; Cookie Policy"}]},{"@type":"WebSite","@id":"https:\/\/palazzodivalli.it\/#website","url":"https:\/\/palazzodivalli.it\/","name":"Palazzo di Valli Hotel","description":"Siena &amp; Tuscany Holidays","potentialAction":[{"@type":"SearchAction","target":{"@type":"EntryPoint","urlTemplate":"https:\/\/palazzodivalli.it\/?s={search_term_string}"},"query-input":{"@type":"PropertyValueSpecification","valueRequired":true,"valueName":"search_term_string"}}],"inLanguage":"fr-FR"}]}},"_links":{"self":[{"href":"https:\/\/palazzodivalli.it\/fr\/wp-json\/wp\/v2\/pages\/30374"}],"collection":[{"href":"https:\/\/palazzodivalli.it\/fr\/wp-json\/wp\/v2\/pages"}],"about":[{"href":"https:\/\/palazzodivalli.it\/fr\/wp-json\/wp\/v2\/types\/page"}],"author":[{"embeddable":true,"href":"https:\/\/palazzodivalli.it\/fr\/wp-json\/wp\/v2\/users\/4"}],"replies":[{"embeddable":true,"href":"https:\/\/palazzodivalli.it\/fr\/wp-json\/wp\/v2\/comments?post=30374"}],"version-history":[{"count":1,"href":"https:\/\/palazzodivalli.it\/fr\/wp-json\/wp\/v2\/pages\/30374\/revisions"}],"predecessor-version":[{"id":30526,"href":"https:\/\/palazzodivalli.it\/fr\/wp-json\/wp\/v2\/pages\/30374\/revisions\/30526"}],"wp:attachment":[{"href":"https:\/\/palazzodivalli.it\/fr\/wp-json\/wp\/v2\/media?parent=30374"}],"curies":[{"name":"wp","href":"https:\/\/api.w.org\/{rel}","templated":true}]}}